{"id":497,"date":"2024-11-23T20:09:38","date_gmt":"2024-11-23T19:09:38","guid":{"rendered":"https:\/\/klosterpfortesteingaden.servicecluster.de\/?page_id=497"},"modified":"2024-11-24T20:51:06","modified_gmt":"2024-11-24T19:51:06","slug":"stanza-piccola-giordano-bruno","status":"publish","type":"page","link":"https:\/\/klosterpfortesteingaden.servicecluster.de\/?page_id=497","title":{"rendered":"Stanza piccola Giordano Bruno"},"content":{"rendered":"\n<div class=\"wp-block-buttons is-content-justification-right is-layout-flex wp-container-core-buttons-is-layout-765c4724 wp-block-buttons-is-layout-flex\">\n<div class=\"wp-block-button\"><a class=\"wp-block-button__link wp-element-button\" href=\"https:\/\/klosterpfortesteingaden.servicecluster.de\/?page_id=357\">Zur\u00fcck zur Zimmer\u00fcbersicht<\/a><\/div>\n<\/div>\n\n\n\n<div class=\"wp-block-buttons is-content-justification-center is-layout-flex wp-container-core-buttons-is-layout-16018d1d wp-block-buttons-is-layout-flex\">\n<div class=\"wp-block-button is-style-outline is-style-outline--1\"><a class=\"wp-block-button__link wp-element-button\" href=\"https:\/\/klosterpfortesteingaden.servicecluster.de\/?page_id=382\">Buchen<\/a><\/div>\n<\/div>\n\n\n\n<p>Ostseite, Morgensonne, zum M\u00fcnster\/Klosterhof hin gelegen.<br>Hoher Raum mit Tonnengew\u00f6lbe, Fenster in den Klosterhof mit Sicht auf das M\u00fcnster, direkt \u00fcber der Pforte.<br>Der Raum, mit einem Steinboden aus Travertin, seinen Wandgem\u00e4lden und seiner hochwertigen M\u00f6blierung, der indirekten Beleuchtung des Gew\u00f6lbes zollt den Jahrhunderten der Geschichte dieses Raumes Rechnung Tribut. Dennoch bieten wir Ihnen allen n\u00f6tigen, modernen Komfort, der Ihren Aufenthalt zu einem unvergesslichen Erlebnis macht.<\/p>\n\n\n\n<figure class=\"wp-block-image size-large\"><img loading=\"lazy\" decoding=\"async\" width=\"1024\" height=\"768\" src=\"https:\/\/klosterpfortesteingaden.servicecluster.de\/wp-content\/uploads\/2024\/11\/19-06-15-17-33-27-1580-1024x768.jpg\" alt=\"\" class=\"wp-image-254\" srcset=\"https:\/\/klosterpfortesteingaden.servicecluster.de\/wp-content\/uploads\/2024\/11\/19-06-15-17-33-27-1580-1024x768.jpg 1024w, https:\/\/klosterpfortesteingaden.servicecluster.de\/wp-content\/uploads\/2024\/11\/19-06-15-17-33-27-1580-300x225.jpg 300w, https:\/\/klosterpfortesteingaden.servicecluster.de\/wp-content\/uploads\/2024\/11\/19-06-15-17-33-27-1580-768x576.jpg 768w, https:\/\/klosterpfortesteingaden.servicecluster.de\/wp-content\/uploads\/2024\/11\/19-06-15-17-33-27-1580-1536x1152.jpg 1536w, https:\/\/klosterpfortesteingaden.servicecluster.de\/wp-content\/uploads\/2024\/11\/19-06-15-17-33-27-1580-2048x1536.jpg 2048w\" sizes=\"auto, (max-width: 767px) 89vw, (max-width: 1000px) 54vw, (max-width: 1071px) 543px, 580px\" \/><\/figure>\n\n\n\n<p>Sie haben kostenlosen Zugang zu schnellem Internet und das Zimmer ist mit einer kleinen Minibar ausgestattet. Die alkoholfreien Getr\u00e4nke sind inklusive und die Minibar wird jeden Tag vom Zimmerservice gef\u00fcllt. Weiterhin stehen Ihnen Wein, Prosecco und Champagner zur Verf\u00fcgung. Auf Wunsch kann die Minibar auch nach Ihrer Bestellung best\u00fcckt werden.<\/p>\n\n\n\n<p>Das Bett befindet sich in einem kleinen Alkoven und verf\u00fcgt \u00fcber eine dimmbare Lesebeleuchtung.<\/p>\n\n\n\n<figure class=\"wp-block-image size-large\"><img loading=\"lazy\" decoding=\"async\" width=\"768\" height=\"1024\" src=\"https:\/\/klosterpfortesteingaden.servicecluster.de\/wp-content\/uploads\/2024\/11\/alkoven-2000x2666-12-768x1024.jpg\" alt=\"\" class=\"wp-image-379\" srcset=\"https:\/\/klosterpfortesteingaden.servicecluster.de\/wp-content\/uploads\/2024\/11\/alkoven-2000x2666-12-768x1024.jpg 768w, https:\/\/klosterpfortesteingaden.servicecluster.de\/wp-content\/uploads\/2024\/11\/alkoven-2000x2666-12-225x300.jpg 225w, https:\/\/klosterpfortesteingaden.servicecluster.de\/wp-content\/uploads\/2024\/11\/alkoven-2000x2666-12-1152x1536.jpg 1152w, https:\/\/klosterpfortesteingaden.servicecluster.de\/wp-content\/uploads\/2024\/11\/alkoven-2000x2666-12-1536x2048.jpg 1536w, https:\/\/klosterpfortesteingaden.servicecluster.de\/wp-content\/uploads\/2024\/11\/alkoven-2000x2666-12-scaled.jpg 1920w\" sizes=\"auto, (max-width: 767px) 89vw, (max-width: 1000px) 54vw, (max-width: 1071px) 543px, 580px\" \/><\/figure>\n\n\n<div class=\"n2_clear\"><ss3-force-full-width data-overflow-x=\"body\" data-horizontal-selector=\"body\"><div class=\"n2-section-smartslider fitvidsignore  n2_clear\" data-ssid=\"8\" tabindex=\"0\" role=\"region\" aria-label=\"Slider\"><div id=\"n2-ss-8-align\" class=\"n2-ss-align\"><div class=\"n2-padding\"><div id=\"n2-ss-8\" data-creator=\"Smart Slider 3\" data-responsive=\"fullwidth\" class=\"n2-ss-slider n2-ow n2-has-hover n2notransition  \">\n\n\n\n<div class=\"n2-ss-slider-wrapper-inside\">\n        <div class=\"n2-ss-slider-1 n2_ss__touch_element n2-ow\">\n            <div class=\"n2-ss-slider-2 n2-ow\">\n                                                <div class=\"n2-ss-slider-3 n2-ow\">\n\n                    <div class=\"n2-ss-slide-backgrounds n2-ow-all\"><div class=\"n2-ss-slide-background\" data-public-id=\"1\" data-mode=\"blurfit\"><div class=\"n2-ss-slide-background-image\" data-blur=\"0\" data-opacity=\"100\" data-x=\"50\" data-y=\"50\" data-alt=\"\" data-title=\"\" data-blurfitmode=\"default\" style=\"margin:-14px;padding:14px\" data-globalblur=\"7\" data-bgblur=\"7\"><picture style=\"filter:blur(7px)\" class=\"skip-lazy\" data-skip-lazy=\"1\"><img decoding=\"async\" src=\"\/\/klosterpfortesteingaden.servicecluster.de\/wp-content\/uploads\/slider\/cache\/28078dae2b4942708417480f1dd7ec2b\/PXL_20241123_193224230-scaled.jpg\" alt=\"\" title=\"\" loading=\"lazy\" class=\"skip-lazy\" data-skip-lazy=\"1\"><\/picture><\/div><div class=\"n2-ss-slide-background-image\" data-blur=\"0\" data-opacity=\"100\" data-x=\"50\" data-y=\"50\" data-alt=\"\" data-title=\"\"><picture class=\"skip-lazy\" data-skip-lazy=\"1\"><img decoding=\"async\" src=\"\/\/klosterpfortesteingaden.servicecluster.de\/wp-content\/uploads\/slider\/cache\/28078dae2b4942708417480f1dd7ec2b\/PXL_20241123_193224230-scaled.jpg\" alt=\"\" title=\"\" loading=\"lazy\" class=\"skip-lazy\" data-skip-lazy=\"1\"><\/picture><\/div><div data-color=\"RGBA(255,255,255,0)\" style=\"background-color: RGBA(255,255,255,0);\" class=\"n2-ss-slide-background-color\"><\/div><\/div><div class=\"n2-ss-slide-background\" data-public-id=\"2\" data-mode=\"blurfit\"><div class=\"n2-ss-slide-background-image\" data-blur=\"0\" data-opacity=\"100\" data-x=\"50\" data-y=\"50\" data-alt=\"\" data-title=\"\" data-blurfitmode=\"default\" style=\"margin:-14px;padding:14px\" data-globalblur=\"7\" data-bgblur=\"7\"><picture style=\"filter:blur(7px)\" class=\"skip-lazy\" data-skip-lazy=\"1\"><img decoding=\"async\" src=\"\/\/klosterpfortesteingaden.servicecluster.de\/wp-content\/uploads\/slider\/cache\/29e8968bf870ff67d3a28076cc66054a\/PXL_20241123_193234779-scaled.jpg\" alt=\"\" title=\"\" loading=\"lazy\" class=\"skip-lazy\" data-skip-lazy=\"1\"><\/picture><\/div><div class=\"n2-ss-slide-background-image\" data-blur=\"0\" data-opacity=\"100\" data-x=\"50\" data-y=\"50\" data-alt=\"\" data-title=\"\"><picture class=\"skip-lazy\" data-skip-lazy=\"1\"><img decoding=\"async\" src=\"\/\/klosterpfortesteingaden.servicecluster.de\/wp-content\/uploads\/slider\/cache\/29e8968bf870ff67d3a28076cc66054a\/PXL_20241123_193234779-scaled.jpg\" alt=\"\" title=\"\" loading=\"lazy\" class=\"skip-lazy\" data-skip-lazy=\"1\"><\/picture><\/div><div data-color=\"RGBA(255,255,255,0)\" style=\"background-color: RGBA(255,255,255,0);\" class=\"n2-ss-slide-background-color\"><\/div><\/div><div class=\"n2-ss-slide-background\" data-public-id=\"3\" data-mode=\"blurfit\"><div class=\"n2-ss-slide-background-image\" data-blur=\"0\" data-opacity=\"100\" data-x=\"50\" data-y=\"50\" data-alt=\"\" data-title=\"\" data-blurfitmode=\"default\" style=\"margin:-14px;padding:14px\" data-globalblur=\"7\" data-bgblur=\"7\"><picture style=\"filter:blur(7px)\" class=\"skip-lazy\" data-skip-lazy=\"1\"><img decoding=\"async\" src=\"\/\/klosterpfortesteingaden.servicecluster.de\/wp-content\/uploads\/slider\/cache\/f30324ac33562ef8d8bae0d22acf661e\/PXL_20241123_193151488-scaled.jpg\" alt=\"\" title=\"\" loading=\"lazy\" class=\"skip-lazy\" data-skip-lazy=\"1\"><\/picture><\/div><div class=\"n2-ss-slide-background-image\" data-blur=\"0\" data-opacity=\"100\" data-x=\"50\" data-y=\"50\" data-alt=\"\" data-title=\"\"><picture class=\"skip-lazy\" data-skip-lazy=\"1\"><img decoding=\"async\" src=\"\/\/klosterpfortesteingaden.servicecluster.de\/wp-content\/uploads\/slider\/cache\/f30324ac33562ef8d8bae0d22acf661e\/PXL_20241123_193151488-scaled.jpg\" alt=\"\" title=\"\" loading=\"lazy\" class=\"skip-lazy\" data-skip-lazy=\"1\"><\/picture><\/div><div data-color=\"RGBA(255,255,255,0)\" style=\"background-color: RGBA(255,255,255,0);\" class=\"n2-ss-slide-background-color\"><\/div><\/div><div class=\"n2-ss-slide-background\" data-public-id=\"4\" data-mode=\"blurfit\"><div class=\"n2-ss-slide-background-image\" data-blur=\"0\" data-opacity=\"100\" data-x=\"50\" data-y=\"50\" data-alt=\"\" data-title=\"\" data-blurfitmode=\"default\" style=\"margin:-14px;padding:14px\" data-globalblur=\"7\" data-bgblur=\"7\"><picture style=\"filter:blur(7px)\" class=\"skip-lazy\" data-skip-lazy=\"1\"><img decoding=\"async\" src=\"\/\/klosterpfortesteingaden.servicecluster.de\/wp-content\/uploads\/slider\/cache\/765ad457a48e3c5913bd5991cde4f29a\/PXL_20241123_193133259-scaled.jpg\" alt=\"\" title=\"\" loading=\"lazy\" class=\"skip-lazy\" data-skip-lazy=\"1\"><\/picture><\/div><div class=\"n2-ss-slide-background-image\" data-blur=\"0\" data-opacity=\"100\" data-x=\"50\" data-y=\"50\" data-alt=\"\" data-title=\"\"><picture class=\"skip-lazy\" data-skip-lazy=\"1\"><img decoding=\"async\" src=\"\/\/klosterpfortesteingaden.servicecluster.de\/wp-content\/uploads\/slider\/cache\/765ad457a48e3c5913bd5991cde4f29a\/PXL_20241123_193133259-scaled.jpg\" alt=\"\" title=\"\" loading=\"lazy\" class=\"skip-lazy\" data-skip-lazy=\"1\"><\/picture><\/div><div data-color=\"RGBA(255,255,255,0)\" style=\"background-color: RGBA(255,255,255,0);\" class=\"n2-ss-slide-background-color\"><\/div><\/div><div class=\"n2-ss-slide-background\" data-public-id=\"5\" data-mode=\"blurfit\"><div class=\"n2-ss-slide-background-image\" data-blur=\"0\" data-opacity=\"100\" data-x=\"50\" data-y=\"50\" data-alt=\"\" data-title=\"\" data-blurfitmode=\"default\" style=\"margin:-14px;padding:14px\" data-globalblur=\"7\" data-bgblur=\"7\"><picture style=\"filter:blur(7px)\" class=\"skip-lazy\" data-skip-lazy=\"1\"><img decoding=\"async\" src=\"\/\/klosterpfortesteingaden.servicecluster.de\/wp-content\/uploads\/slider\/cache\/13637fe084042a38698785d0911a5173\/PXL_20241123_193112225-scaled.jpg\" alt=\"\" title=\"\" loading=\"lazy\" class=\"skip-lazy\" data-skip-lazy=\"1\"><\/picture><\/div><div class=\"n2-ss-slide-background-image\" data-blur=\"0\" data-opacity=\"100\" data-x=\"50\" data-y=\"50\" data-alt=\"\" data-title=\"\"><picture class=\"skip-lazy\" data-skip-lazy=\"1\"><img decoding=\"async\" src=\"\/\/klosterpfortesteingaden.servicecluster.de\/wp-content\/uploads\/slider\/cache\/13637fe084042a38698785d0911a5173\/PXL_20241123_193112225-scaled.jpg\" alt=\"\" title=\"\" loading=\"lazy\" class=\"skip-lazy\" data-skip-lazy=\"1\"><\/picture><\/div><div data-color=\"RGBA(255,255,255,0)\" style=\"background-color: RGBA(255,255,255,0);\" class=\"n2-ss-slide-background-color\"><\/div><\/div><div class=\"n2-ss-slide-background\" data-public-id=\"6\" data-mode=\"blurfit\"><div class=\"n2-ss-slide-background-image\" data-blur=\"0\" data-opacity=\"100\" data-x=\"50\" data-y=\"50\" data-alt=\"\" data-title=\"\" data-blurfitmode=\"default\" style=\"margin:-14px;padding:14px\" data-globalblur=\"7\" data-bgblur=\"7\"><picture style=\"filter:blur(7px)\" class=\"skip-lazy\" data-skip-lazy=\"1\"><img decoding=\"async\" src=\"\/\/klosterpfortesteingaden.servicecluster.de\/wp-content\/uploads\/slider\/cache\/e902d958c7a1d98874fdaad7261491aa\/PXL_20241123_193012933-scaled.jpg\" alt=\"\" title=\"\" loading=\"lazy\" class=\"skip-lazy\" data-skip-lazy=\"1\"><\/picture><\/div><div class=\"n2-ss-slide-background-image\" data-blur=\"0\" data-opacity=\"100\" data-x=\"50\" data-y=\"50\" data-alt=\"\" data-title=\"\"><picture class=\"skip-lazy\" data-skip-lazy=\"1\"><img decoding=\"async\" src=\"\/\/klosterpfortesteingaden.servicecluster.de\/wp-content\/uploads\/slider\/cache\/e902d958c7a1d98874fdaad7261491aa\/PXL_20241123_193012933-scaled.jpg\" alt=\"\" title=\"\" loading=\"lazy\" class=\"skip-lazy\" data-skip-lazy=\"1\"><\/picture><\/div><div data-color=\"RGBA(255,255,255,0)\" style=\"background-color: RGBA(255,255,255,0);\" class=\"n2-ss-slide-background-color\"><\/div><\/div><div class=\"n2-ss-slide-background\" data-public-id=\"7\" data-mode=\"blurfit\"><div class=\"n2-ss-slide-background-image\" data-blur=\"0\" data-opacity=\"100\" data-x=\"50\" data-y=\"50\" data-alt=\"\" data-title=\"\" data-blurfitmode=\"default\" style=\"margin:-14px;padding:14px\" data-globalblur=\"7\" data-bgblur=\"7\"><picture style=\"filter:blur(7px)\" class=\"skip-lazy\" data-skip-lazy=\"1\"><img decoding=\"async\" src=\"\/\/klosterpfortesteingaden.servicecluster.de\/wp-content\/uploads\/slider\/cache\/47fa2c82c4ff919a55c3bf63c47074ab\/PXL_20241123_193259182-scaled.jpg\" alt=\"\" title=\"\" loading=\"lazy\" class=\"skip-lazy\" data-skip-lazy=\"1\"><\/picture><\/div><div class=\"n2-ss-slide-background-image\" data-blur=\"0\" data-opacity=\"100\" data-x=\"50\" data-y=\"50\" data-alt=\"\" data-title=\"\"><picture class=\"skip-lazy\" data-skip-lazy=\"1\"><img decoding=\"async\" src=\"\/\/klosterpfortesteingaden.servicecluster.de\/wp-content\/uploads\/slider\/cache\/47fa2c82c4ff919a55c3bf63c47074ab\/PXL_20241123_193259182-scaled.jpg\" alt=\"\" title=\"\" loading=\"lazy\" class=\"skip-lazy\" data-skip-lazy=\"1\"><\/picture><\/div><div data-color=\"RGBA(255,255,255,0)\" style=\"background-color: RGBA(255,255,255,0);\" class=\"n2-ss-slide-background-color\"><\/div><\/div><div class=\"n2-ss-slide-background\" data-public-id=\"8\" data-mode=\"blurfit\"><div class=\"n2-ss-slide-background-image\" data-blur=\"0\" data-opacity=\"100\" data-x=\"50\" data-y=\"50\" data-alt=\"\" data-title=\"\" data-blurfitmode=\"default\" style=\"margin:-14px;padding:14px\" data-globalblur=\"7\" data-bgblur=\"7\"><picture style=\"filter:blur(7px)\" class=\"skip-lazy\" data-skip-lazy=\"1\"><img decoding=\"async\" src=\"\/\/klosterpfortesteingaden.servicecluster.de\/wp-content\/uploads\/slider\/cache\/62c26d041cb0bf95dc2043cd192e8b61\/PXL_20241123_192342921-scaled.jpg\" alt=\"\" title=\"\" loading=\"lazy\" class=\"skip-lazy\" data-skip-lazy=\"1\"><\/picture><\/div><div class=\"n2-ss-slide-background-image\" data-blur=\"0\" data-opacity=\"100\" data-x=\"50\" data-y=\"50\" data-alt=\"\" data-title=\"\"><picture class=\"skip-lazy\" data-skip-lazy=\"1\"><img decoding=\"async\" src=\"\/\/klosterpfortesteingaden.servicecluster.de\/wp-content\/uploads\/slider\/cache\/62c26d041cb0bf95dc2043cd192e8b61\/PXL_20241123_192342921-scaled.jpg\" alt=\"\" title=\"\" loading=\"lazy\" class=\"skip-lazy\" data-skip-lazy=\"1\"><\/picture><\/div><div data-color=\"RGBA(255,255,255,0)\" style=\"background-color: RGBA(255,255,255,0);\" class=\"n2-ss-slide-background-color\"><\/div><\/div><\/div>                    <div class=\"n2-ss-slider-4 n2-ow\">\n                        <svg xmlns=\"http:\/\/www.w3.org\/2000\/svg\" viewBox=\"0 0 1200 600\" data-related-device=\"desktopPortrait\" class=\"n2-ow n2-ss-preserve-size n2-ss-preserve-size--slider n2-ss-slide-limiter\"><\/svg><div data-first=\"1\" data-slide-duration=\"0\" data-id=\"124\" data-slide-public-id=\"1\" data-title=\"PXL_20241123_193224230\" class=\"n2-ss-slide n2-ow  n2-ss-slide-124\"><div role=\"note\" class=\"n2-ss-slide--focus\" tabindex=\"-1\">PXL_20241123_193224230<\/div><div class=\"n2-ss-layers-container n2-ss-slide-limiter n2-ow\"><div class=\"n2-ss-layer n2-ow n-uc-tjt9rHQb10tU\" data-sstype=\"slide\" data-pm=\"default\"><\/div><\/div><\/div><div data-slide-duration=\"0\" data-id=\"125\" data-slide-public-id=\"2\" data-title=\"PXL_20241123_193234779\" class=\"n2-ss-slide n2-ow  n2-ss-slide-125\"><div role=\"note\" class=\"n2-ss-slide--focus\" tabindex=\"-1\">PXL_20241123_193234779<\/div><div class=\"n2-ss-layers-container n2-ss-slide-limiter n2-ow\"><div class=\"n2-ss-layer n2-ow n-uc-uO5cJUQZzxec\" data-sstype=\"slide\" data-pm=\"default\"><\/div><\/div><\/div><div data-slide-duration=\"0\" data-id=\"126\" data-slide-public-id=\"3\" data-title=\"PXL_20241123_193151488\" class=\"n2-ss-slide n2-ow  n2-ss-slide-126\"><div role=\"note\" class=\"n2-ss-slide--focus\" tabindex=\"-1\">PXL_20241123_193151488<\/div><div class=\"n2-ss-layers-container n2-ss-slide-limiter n2-ow\"><div class=\"n2-ss-layer n2-ow n-uc-o7HS8DYhFWKi\" data-sstype=\"slide\" data-pm=\"default\"><\/div><\/div><\/div><div data-slide-duration=\"0\" data-id=\"127\" data-slide-public-id=\"4\" data-title=\"PXL_20241123_193133259\" class=\"n2-ss-slide n2-ow  n2-ss-slide-127\"><div role=\"note\" class=\"n2-ss-slide--focus\" tabindex=\"-1\">PXL_20241123_193133259<\/div><div class=\"n2-ss-layers-container n2-ss-slide-limiter n2-ow\"><div class=\"n2-ss-layer n2-ow n-uc-bDWg6tqjlNWC\" data-sstype=\"slide\" data-pm=\"default\"><\/div><\/div><\/div><div data-slide-duration=\"0\" data-id=\"128\" data-slide-public-id=\"5\" data-title=\"PXL_20241123_193112225\" class=\"n2-ss-slide n2-ow  n2-ss-slide-128\"><div role=\"note\" class=\"n2-ss-slide--focus\" tabindex=\"-1\">PXL_20241123_193112225<\/div><div class=\"n2-ss-layers-container n2-ss-slide-limiter n2-ow\"><div class=\"n2-ss-layer n2-ow n-uc-PSmRJU8GQVbP\" data-sstype=\"slide\" data-pm=\"default\"><\/div><\/div><\/div><div data-slide-duration=\"0\" data-id=\"129\" data-slide-public-id=\"6\" data-title=\"PXL_20241123_193012933\" class=\"n2-ss-slide n2-ow  n2-ss-slide-129\"><div role=\"note\" class=\"n2-ss-slide--focus\" tabindex=\"-1\">PXL_20241123_193012933<\/div><div class=\"n2-ss-layers-container n2-ss-slide-limiter n2-ow\"><div class=\"n2-ss-layer n2-ow n-uc-VekH2xWBbKls\" data-sstype=\"slide\" data-pm=\"default\"><\/div><\/div><\/div><div data-slide-duration=\"0\" data-id=\"130\" data-slide-public-id=\"7\" data-title=\"PXL_20241123_193259182\" class=\"n2-ss-slide n2-ow  n2-ss-slide-130\"><div role=\"note\" class=\"n2-ss-slide--focus\" tabindex=\"-1\">PXL_20241123_193259182<\/div><div class=\"n2-ss-layers-container n2-ss-slide-limiter n2-ow\"><div class=\"n2-ss-layer n2-ow n-uc-EjRC0sq7unwY\" data-sstype=\"slide\" data-pm=\"default\"><\/div><\/div><\/div><div data-slide-duration=\"0\" data-id=\"131\" data-slide-public-id=\"8\" data-title=\"PXL_20241123_192342921\" class=\"n2-ss-slide n2-ow  n2-ss-slide-131\"><div role=\"note\" class=\"n2-ss-slide--focus\" tabindex=\"-1\">PXL_20241123_192342921<\/div><div class=\"n2-ss-layers-container n2-ss-slide-limiter n2-ow\"><div class=\"n2-ss-layer n2-ow n-uc-TCk2kWTHvTgT\" data-sstype=\"slide\" data-pm=\"default\"><\/div><\/div><\/div>                    <\/div>\n\n                                    <\/div>\n            <\/div>\n        <\/div>\n        <div class=\"n2-ss-slider-controls n2-ss-slider-controls-absolute-left-center\"><div style=\"--widget-offset:15px;\" class=\"n2-ss-widget nextend-arrow n2-ow-all nextend-arrow-previous  nextend-arrow-animated-fade\" id=\"n2-ss-8-arrow-previous\" role=\"button\" aria-label=\"previous arrow\" tabindex=\"0\"><img loading=\"lazy\" decoding=\"async\" width=\"32\" height=\"32\" class=\"skip-lazy\" data-skip-lazy=\"1\" src=\"data:image\/svg+xml;base64,PHN2ZyB3aWR0aD0iMzIiIGhlaWdodD0iMzIiIHZpZXdCb3g9IjAgMCAzMiAzMiIgeG1sbnM9Imh0dHA6Ly93d3cudzMub3JnLzIwMDAvc3ZnIj4KICAgIDxwYXRoIGQ9Ik0xMS40MzMgMTUuOTkyTDIyLjY5IDUuNzEyYy4zOTMtLjM5LjM5My0xLjAzIDAtMS40Mi0uMzkzLS4zOS0xLjAzLS4zOS0xLjQyMyAwbC0xMS45OCAxMC45NGMtLjIxLjIxLS4zLjQ5LS4yODUuNzYtLjAxNS4yOC4wNzUuNTYuMjg0Ljc3bDExLjk4IDEwLjk0Yy4zOTMuMzkgMS4wMy4zOSAxLjQyNCAwIC4zOTMtLjQuMzkzLTEuMDMgMC0xLjQybC0xMS4yNTctMTAuMjkiCiAgICAgICAgICBmaWxsPSIjZmZmZmZmIiBvcGFjaXR5PSIwLjgiIGZpbGwtcnVsZT0iZXZlbm9kZCIvPgo8L3N2Zz4=\" alt=\"previous arrow\"><\/div><\/div><div class=\"n2-ss-slider-controls n2-ss-slider-controls-absolute-right-center\"><div style=\"--widget-offset:15px;\" class=\"n2-ss-widget nextend-arrow n2-ow-all nextend-arrow-next  nextend-arrow-animated-fade\" id=\"n2-ss-8-arrow-next\" role=\"button\" aria-label=\"next arrow\" tabindex=\"0\"><img loading=\"lazy\" decoding=\"async\" width=\"32\" height=\"32\" class=\"skip-lazy\" data-skip-lazy=\"1\" src=\"data:image\/svg+xml;base64,PHN2ZyB3aWR0aD0iMzIiIGhlaWdodD0iMzIiIHZpZXdCb3g9IjAgMCAzMiAzMiIgeG1sbnM9Imh0dHA6Ly93d3cudzMub3JnLzIwMDAvc3ZnIj4KICAgIDxwYXRoIGQ9Ik0xMC43MjIgNC4yOTNjLS4zOTQtLjM5LTEuMDMyLS4zOS0xLjQyNyAwLS4zOTMuMzktLjM5MyAxLjAzIDAgMS40MmwxMS4yODMgMTAuMjgtMTEuMjgzIDEwLjI5Yy0uMzkzLjM5LS4zOTMgMS4wMiAwIDEuNDIuMzk1LjM5IDEuMDMzLjM5IDEuNDI3IDBsMTIuMDA3LTEwLjk0Yy4yMS0uMjEuMy0uNDkuMjg0LS43Ny4wMTQtLjI3LS4wNzYtLjU1LS4yODYtLjc2TDEwLjcyIDQuMjkzeiIKICAgICAgICAgIGZpbGw9IiNmZmZmZmYiIG9wYWNpdHk9IjAuOCIgZmlsbC1ydWxlPSJldmVub2RkIi8+Cjwvc3ZnPg==\" alt=\"next arrow\"><\/div><\/div><div class=\"n2-ss-slider-controls n2-ss-slider-controls-absolute-center-bottom\"><div style=\"--widget-offset:10px;\" class=\"n2-ss-widget n2-ss-control-bullet n2-ow-all n2-ss-control-bullet-horizontal\"><div class=\" nextend-bullet-bar n2-bar-justify-content-center\" role=\"group\" aria-label=\"Choose slide to display.\"><div class=\"n2-bullet n2-style-bcef68443b2682444059e693254dd628-dot \" style=\"visibility:hidden;\"><\/div><\/div><\/div><\/div><\/div><\/div><ss3-loader><\/ss3-loader><\/div><\/div><div class=\"n2_clear\"><\/div><\/div><\/ss3-force-full-width><\/div>","protected":false},"excerpt":{"rendered":"<p>Ostseite, Morgensonne, zum M\u00fcnster\/Klosterhof hin gelegen.Hoher Raum mit Tonnengew\u00f6lbe, Fenster in den Klosterhof mit Sicht auf das M\u00fcnster, direkt \u00fcber der Pforte.Der Raum, mit einem Steinboden aus Travertin, seinen Wandgem\u00e4lden und seiner hochwertigen M\u00f6blierung, der indirekten Beleuchtung des Gew\u00f6lbes zollt den Jahrhunderten der Geschichte dieses Raumes Rechnung Tribut. Dennoch bieten wir Ihnen allen n\u00f6tigen, modernen &hellip; <\/p>\n<p class=\"link-more\"><a href=\"https:\/\/klosterpfortesteingaden.servicecluster.de\/?page_id=497\" class=\"more-link\"><span class=\"screen-reader-text\">\u201eStanza piccola Giordano Bruno\u201c<\/span> weiterlesen<\/a><\/p>\n","protected":false},"author":2,"featured_media":0,"parent":0,"menu_order":0,"comment_status":"closed","ping_status":"closed","template":"","meta":{"footnotes":""},"class_list":["post-497","page","type-page","status-publish","hentry"],"_links":{"self":[{"href":"https:\/\/klosterpfortesteingaden.servicecluster.de\/index.php?rest_route=\/wp\/v2\/pages\/497","targetHints":{"allow":["GET"]}}],"collection":[{"href":"https:\/\/klosterpfortesteingaden.servicecluster.de\/index.php?rest_route=\/wp\/v2\/pages"}],"about":[{"href":"https:\/\/klosterpfortesteingaden.servicecluster.de\/index.php?rest_route=\/wp\/v2\/types\/page"}],"author":[{"embeddable":true,"href":"https:\/\/klosterpfortesteingaden.servicecluster.de\/index.php?rest_route=\/wp\/v2\/users\/2"}],"replies":[{"embeddable":true,"href":"https:\/\/klosterpfortesteingaden.servicecluster.de\/index.php?rest_route=%2Fwp%2Fv2%2Fcomments&post=497"}],"version-history":[{"count":4,"href":"https:\/\/klosterpfortesteingaden.servicecluster.de\/index.php?rest_route=\/wp\/v2\/pages\/497\/revisions"}],"predecessor-version":[{"id":606,"href":"https:\/\/klosterpfortesteingaden.servicecluster.de\/index.php?rest_route=\/wp\/v2\/pages\/497\/revisions\/606"}],"wp:attachment":[{"href":"https:\/\/klosterpfortesteingaden.servicecluster.de\/index.php?rest_route=%2Fwp%2Fv2%2Fmedia&parent=497"}],"curies":[{"name":"wp","href":"https:\/\/api.w.org\/{rel}","templated":true}]}}