{"id":221,"date":"2024-11-22T18:41:36","date_gmt":"2024-11-22T17:41:36","guid":{"rendered":"https:\/\/klosterpfortesteingaden.servicecluster.de\/?page_id=221"},"modified":"2024-11-22T20:19:34","modified_gmt":"2024-11-22T19:19:34","slug":"privat-pension-an-der-klosterpforte","status":"publish","type":"page","link":"https:\/\/klosterpfortesteingaden.servicecluster.de\/","title":{"rendered":"Privat Pension an der Klosterpforte"},"content":{"rendered":"\n<p>Gelegen im Zentrum von Steingaden, in originalen, denkmalgesch\u00fctzten Geb\u00e4uden des ehemaligen Klosters Steingaden aus dem 15. Jahrhundert, in unmittelbarer N\u00e4he zum Welfenm\u00fcnster.<\/p>\n\n\n\n<figure class=\"wp-block-image size-large\"><img loading=\"lazy\" decoding=\"async\" width=\"1024\" height=\"614\" src=\"https:\/\/klosterpfortesteingaden.servicecluster.de\/wp-content\/uploads\/2024\/11\/cropped-IMG_1708-scaled-1-1024x614.jpg\" alt=\"\" class=\"wp-image-340\" srcset=\"https:\/\/klosterpfortesteingaden.servicecluster.de\/wp-content\/uploads\/2024\/11\/cropped-IMG_1708-scaled-1-1024x614.jpg 1024w, https:\/\/klosterpfortesteingaden.servicecluster.de\/wp-content\/uploads\/2024\/11\/cropped-IMG_1708-scaled-1-300x180.jpg 300w, https:\/\/klosterpfortesteingaden.servicecluster.de\/wp-content\/uploads\/2024\/11\/cropped-IMG_1708-scaled-1-768x461.jpg 768w, https:\/\/klosterpfortesteingaden.servicecluster.de\/wp-content\/uploads\/2024\/11\/cropped-IMG_1708-scaled-1-1536x922.jpg 1536w, https:\/\/klosterpfortesteingaden.servicecluster.de\/wp-content\/uploads\/2024\/11\/cropped-IMG_1708-scaled-1.jpg 2000w\" sizes=\"auto, (max-width: 767px) 89vw, (max-width: 1000px) 54vw, (max-width: 1071px) 543px, 580px\" \/><\/figure>\n\n\n\n<p><br>Sie wohnen in stilvoll renovierten, gro\u00dfz\u00fcgigen R\u00e4umen unter hohen Kreuzgew\u00f6lben. In diesem Geb\u00e4udeteil, errichtet unter dem Abt <em>Caspar David Suiter<\/em> etwa um 1480, befanden sich ehemals der Marstall, die Handwerker-S\u00e4le und die Getreidespeicher im Dachstuhl.<\/p>\n\n\n\n<figure class=\"wp-block-image size-large\"><img loading=\"lazy\" decoding=\"async\" width=\"1024\" height=\"334\" src=\"https:\/\/klosterpfortesteingaden.servicecluster.de\/wp-content\/uploads\/2024\/11\/PanoramaPrincipessa2-1024x334.jpg\" alt=\"\" class=\"wp-image-319\" srcset=\"https:\/\/klosterpfortesteingaden.servicecluster.de\/wp-content\/uploads\/2024\/11\/PanoramaPrincipessa2-1024x334.jpg 1024w, https:\/\/klosterpfortesteingaden.servicecluster.de\/wp-content\/uploads\/2024\/11\/PanoramaPrincipessa2-300x98.jpg 300w, https:\/\/klosterpfortesteingaden.servicecluster.de\/wp-content\/uploads\/2024\/11\/PanoramaPrincipessa2-768x251.jpg 768w, https:\/\/klosterpfortesteingaden.servicecluster.de\/wp-content\/uploads\/2024\/11\/PanoramaPrincipessa2-1536x501.jpg 1536w, https:\/\/klosterpfortesteingaden.servicecluster.de\/wp-content\/uploads\/2024\/11\/PanoramaPrincipessa2-2048x668.jpg 2048w\" sizes=\"auto, (max-width: 767px) 89vw, (max-width: 1000px) 54vw, (max-width: 1071px) 543px, 580px\" \/><\/figure>\n\n\n\n<p>Die Mauern sind aus etwa einem Meter dickem Sandstein und die hohen hellen R\u00e4ume sind mit Kreuzgew\u00f6lben oder Tonnengew\u00f6lben ausgestattet.<\/p>\n\n\n\n<figure class=\"wp-block-image size-large\"><img loading=\"lazy\" decoding=\"async\" width=\"1024\" height=\"768\" src=\"https:\/\/klosterpfortesteingaden.servicecluster.de\/wp-content\/uploads\/2024\/11\/PanoramaBruno-1024x768.jpg\" alt=\"\" class=\"wp-image-317\" srcset=\"https:\/\/klosterpfortesteingaden.servicecluster.de\/wp-content\/uploads\/2024\/11\/PanoramaBruno-1024x768.jpg 1024w, https:\/\/klosterpfortesteingaden.servicecluster.de\/wp-content\/uploads\/2024\/11\/PanoramaBruno-300x225.jpg 300w, https:\/\/klosterpfortesteingaden.servicecluster.de\/wp-content\/uploads\/2024\/11\/PanoramaBruno-768x576.jpg 768w, https:\/\/klosterpfortesteingaden.servicecluster.de\/wp-content\/uploads\/2024\/11\/PanoramaBruno-1536x1152.jpg 1536w, https:\/\/klosterpfortesteingaden.servicecluster.de\/wp-content\/uploads\/2024\/11\/PanoramaBruno-2048x1536.jpg 2048w\" sizes=\"auto, (max-width: 767px) 89vw, (max-width: 1000px) 54vw, (max-width: 1071px) 543px, 580px\" \/><\/figure>\n\n\n\n<p><\/p>\n","protected":false},"excerpt":{"rendered":"<p>Gelegen im Zentrum von Steingaden, in originalen, denkmalgesch\u00fctzten Geb\u00e4uden des ehemaligen Klosters Steingaden aus dem 15. Jahrhundert, in unmittelbarer N\u00e4he zum Welfenm\u00fcnster. Sie wohnen in stilvoll renovierten, gro\u00dfz\u00fcgigen R\u00e4umen unter hohen Kreuzgew\u00f6lben. In diesem Geb\u00e4udeteil, errichtet unter dem Abt Caspar David Suiter etwa um 1480, befanden sich ehemals der Marstall, die Handwerker-S\u00e4le und die Getreidespeicher &hellip; <\/p>\n<p class=\"link-more\"><a href=\"https:\/\/klosterpfortesteingaden.servicecluster.de\/\" class=\"more-link\"><span class=\"screen-reader-text\">\u201ePrivat Pension an der Klosterpforte\u201c<\/span> weiterlesen<\/a><\/p>\n","protected":false},"author":1,"featured_media":0,"parent":0,"menu_order":0,"comment_status":"closed","ping_status":"closed","template":"","meta":{"footnotes":""},"class_list":["post-221","page","type-page","status-publish","hentry"],"_links":{"self":[{"href":"https:\/\/klosterpfortesteingaden.servicecluster.de\/index.php?rest_route=\/wp\/v2\/pages\/221","targetHints":{"allow":["GET"]}}],"collection":[{"href":"https:\/\/klosterpfortesteingaden.servicecluster.de\/index.php?rest_route=\/wp\/v2\/pages"}],"about":[{"href":"https:\/\/klosterpfortesteingaden.servicecluster.de\/index.php?rest_route=\/wp\/v2\/types\/page"}],"author":[{"embeddable":true,"href":"https:\/\/klosterpfortesteingaden.servicecluster.de\/index.php?rest_route=\/wp\/v2\/users\/1"}],"replies":[{"embeddable":true,"href":"https:\/\/klosterpfortesteingaden.servicecluster.de\/index.php?rest_route=%2Fwp%2Fv2%2Fcomments&post=221"}],"version-history":[{"count":5,"href":"https:\/\/klosterpfortesteingaden.servicecluster.de\/index.php?rest_route=\/wp\/v2\/pages\/221\/revisions"}],"predecessor-version":[{"id":348,"href":"https:\/\/klosterpfortesteingaden.servicecluster.de\/index.php?rest_route=\/wp\/v2\/pages\/221\/revisions\/348"}],"wp:attachment":[{"href":"https:\/\/klosterpfortesteingaden.servicecluster.de\/index.php?rest_route=%2Fwp%2Fv2%2Fmedia&parent=221"}],"curies":[{"name":"wp","href":"https:\/\/api.w.org\/{rel}","templated":true}]}}